{"id":204,"date":"2025-05-02T19:31:10","date_gmt":"2025-05-02T19:31:10","guid":{"rendered":"https:\/\/restapi.lt\/?page_id=204"},"modified":"2025-05-03T20:43:13","modified_gmt":"2025-05-03T20:43:13","slug":"uzklausa","status":"publish","type":"page","link":"https:\/\/www.restapi.lt\/en\/uzklausa\/","title":{"rendered":"U\u017eklausa"},"content":{"rendered":"<div id=\"fws_69e21aa1a7347\"  data-column-margin=\"70px\" data-midnight=\"dark\" data-top-percent=\"10%\" data-bottom-percent=\"5%\"  class=\"wpb_row vc_row-fluid vc_row full-width-section vc_row-o-equal-height vc_row-flex vc_row-o-content-top  zindex-set\"  style=\"padding-top: calc(100vw * 0.10); padding-bottom: calc(100vw * 0.05);  z-index: 100;\"><div class=\"row-bg-wrap\" data-bg-animation=\"none\" data-bg-animation-delay=\"\" data-bg-overlay=\"false\"><div class=\"inner-wrap row-bg-layer using-image\" ><div class=\"row-bg viewport-desktop using-image using-bg-color\"  style=\"background-position: center center; background-repeat: no-repeat; background-color: #efeae3; \"><\/div><\/div><\/div><div class=\"row_col_wrap_12 col span_12 dark left\">\n\t<div  class=\"vc_col-sm-6 wpb_column column_container vc_column_container col has-animation no-extra-padding inherit_tablet inherit_phone\"  data-padding-pos=\"all\" data-has-bg-color=\"false\" data-bg-color=\"\" data-bg-opacity=\"1\" data-animation=\"fade-in-from-left\" data-delay=\"0\" >\n\t\t<div class=\"vc_column-inner\" >\n\t\t\t<div class=\"wpb_wrapper\">\n\t\t\t\t\n<div class=\"wpb_text_column wpb_content_element\" >\n\t<div class=\"wpb_wrapper\">\n\t\t<h2>FAQ<\/h2>\n\t<\/div>\n<\/div>\n\n\n\n\n<div class=\"wpb_text_column wpb_content_element\" >\n\t<div class=\"wpb_wrapper\">\n\t\t<p>Our system automatically processes the supplier\u2019s file, converts it, and updates product data \u2014 prices, stock levels, and availability \u2014 via REST API in the background. Updates are performed in small batches, minimizing server load and ensuring smooth processing even for thousands of products. Everything runs automatically, on a predefined schedule, ensuring fast and secure data synchronization.<\/p>\n\t<\/div>\n<\/div>\n\n\n\n<div class=\"toggles accordion toggles--minimal-shadow\" data-br=\"20px\" data-starting=\"closed\" data-style=\"minimal\"><div class=\"toggle default\" data-inner-wrap=\"true\"><h3 class=\"toggle-title\"><a href=\"#\" role=\"button\" class=\"cflow-inherit-h3 toggle-heading\"><i role=\"presentation\" class=\"fa fa-plus-circle\"><\/i>How often is product data updated?<\/a><\/h3><div><div class=\"inner-toggle-wrap\"><div class=\"cflow-responsive-text font_size_min_14px font_size_max_20px font_size_desktop_1-1vw font_line_height_1-6 cflow-link-underline-effect\"><p>Data is automatically updated based on the configured schedule \u2014 usually daily or every few hours, depending on your needs and how often the supplier updates their files.<\/p>\n<\/div><\/div><\/div><\/div><div class=\"toggle default\" data-inner-wrap=\"true\"><h3 class=\"toggle-title\"><a href=\"#\" role=\"button\" class=\"cflow-inherit-h3 toggle-heading\"><i role=\"presentation\" class=\"fa fa-plus-circle\"><\/i>Can the system handle large volumes of products?<\/a><\/h3><div><div class=\"inner-toggle-wrap\"><div class=\"cflow-responsive-text font_size_min_14px font_size_max_20px font_size_desktop_1-1vw font_line_height_1-6 cflow-link-underline-effect\"><p>Yes! Our solution processes thousands of products in small batches to avoid server overload and ensure stable performance, even with large datasets.<\/p>\n<\/div><\/div><\/div><\/div><div class=\"toggle default\" data-inner-wrap=\"true\"><h3 class=\"toggle-title\"><a href=\"#\" role=\"button\" class=\"cflow-inherit-h3 toggle-heading\"><i role=\"presentation\" class=\"fa fa-plus-circle\"><\/i>What if the supplier changes the data format?<\/a><\/h3><div><div class=\"inner-toggle-wrap\"><div class=\"cflow-responsive-text font_size_min_14px font_size_max_20px font_size_desktop_1-1vw font_line_height_1-6 cflow-link-underline-effect\"><p>If the supplier changes the file structure or field names, we quickly adjust the system to the new format to ensure that data updates continue without interruption.<\/p>\n<\/div><\/div><\/div><\/div><\/div>\n\n\n\n\n\n\n\n\n\n\n\n\n\n\n\n\n\n\n\n\n\t\t\t<\/div> \n\t\t<\/div>\n\t<\/div> \n\n\t<div  class=\"vc_col-sm-6 wpb_column column_container vc_column_container col no-extra-padding inherit_tablet inherit_phone\"  data-padding-pos=\"all\" data-has-bg-color=\"false\" data-bg-color=\"\" data-bg-opacity=\"1\" data-animation=\"\" data-delay=\"0\" >\n\t\t<div class=\"vc_column-inner\" >\n\t\t\t<div class=\"wpb_wrapper\">\n\t\t\t\t\n<div class=\"wpb_text_column wpb_content_element  wpb_animate_when_almost_visible wpb_fadeIn fadeIn\" >\n\t<div class=\"wpb_wrapper\">\n\t\t<h2>Get in touch<\/h2>\n\t<\/div>\n<\/div>\n\n\n\n<div id=\"fws_69e21aa1a7c69\" data-midnight=\"\" data-column-margin=\"default\" class=\"wpb_row vc_row-fluid vc_row inner_row\"  style=\"\"><div class=\"row-bg-wrap\"> <div class=\"row-bg\" ><\/div> <\/div><div class=\"row_col_wrap_12_inner col span_12  left\">\n\t<div style=\"\" class=\"vc_col-sm-12 wpb_column column_container vc_column_container col child_column has-animation padding-6-percent inherit_tablet inherit_phone\"  data-using-bg=\"true\" data-shadow=\"small_depth\" data-border-radius=\"10px\" data-padding-pos=\"all\" data-has-bg-color=\"true\" data-bg-color=\"#f7f7f7\" data-bg-opacity=\"1\" data-animation=\"grow-in\" data-delay=\"0\" >\n\t\t<div class=\"vc_column-inner\" ><div class=\"column-bg-overlay-wrap column-bg-layer\" data-bg-animation=\"none\"><div class=\"column-bg-overlay\" style=\"opacity: 1; background-color: #f7f7f7;\"><\/div><\/div>\n\t\t<div class=\"wpb_wrapper\">\n\t\t\t\n<div class=\"wpcf7 no-js\" id=\"wpcf7-f203-o1\" lang=\"lt-LT\" dir=\"ltr\" data-wpcf7-id=\"203\">\n<div class=\"screen-reader-response\"><p role=\"status\" aria-live=\"polite\" aria-atomic=\"true\"><\/p> <ul><\/ul><\/div>\n<form action=\"\/en\/wp-json\/wp\/v2\/pages\/204#wpcf7-f203-o1\" method=\"post\" class=\"wpcf7-form init\" aria-label=\"Kontakt\u0173 forma\" novalidate=\"novalidate\" data-status=\"init\" data-trp-original-action=\"\/en\/wp-json\/wp\/v2\/pages\/204#wpcf7-f203-o1\">\n<fieldset class=\"hidden-fields-container\"><input type=\"hidden\" name=\"_wpcf7\" value=\"203\" \/><input type=\"hidden\" name=\"_wpcf7_version\" value=\"6.1.5\" \/><input type=\"hidden\" name=\"_wpcf7_locale\" value=\"lt_LT\" \/><input type=\"hidden\" name=\"_wpcf7_unit_tag\" value=\"wpcf7-f203-o1\" \/><input type=\"hidden\" name=\"_wpcf7_container_post\" value=\"0\" \/><input type=\"hidden\" name=\"_wpcf7_posted_data_hash\" value=\"\" \/>\n<\/fieldset>\n<div class=\"row\">\n\t<div class=\"col span_6\">\n\t\t<p><label for=\"your-company\">Company*<\/label><br \/>\n<span class=\"wpcf7-form-control-wrap\" data-name=\"your-company\"><input size=\"40\" maxlength=\"400\" class=\"wpcf7-form-control wpcf7-text wpcf7-validates-as-required\" aria-required=\"true\" aria-invalid=\"false\" value=\"\" type=\"text\" name=\"your-company\" \/><\/span>\n\t\t<\/p>\n\t<\/div>\n\t<div class=\"col span_6\">\n\t\t<p><label for=\"your-email\">Email*<\/label><br \/>\n<span class=\"wpcf7-form-control-wrap\" data-name=\"your-email\"><input size=\"40\" maxlength=\"400\" class=\"wpcf7-form-control wpcf7-email wpcf7-validates-as-required wpcf7-text wpcf7-validates-as-email\" aria-required=\"true\" aria-invalid=\"false\" placeholder=\"@\" value=\"\" type=\"email\" name=\"your-email\" \/><\/span>\n\t\t<\/p>\n\t<\/div>\n<\/div>\n<p><label for=\"url\">Website URL related to your request:<\/label><br \/>\n<span class=\"wpcf7-form-control-wrap\" data-name=\"url\"><input size=\"40\" maxlength=\"400\" class=\"wpcf7-form-control wpcf7-text\" aria-invalid=\"false\" placeholder=\"www.example.com\" value=\"\" type=\"text\" name=\"url\" \/><\/span>\n<\/p>\n<p><label for=\"your-message\">Message*<\/label><br \/>\n<span class=\"wpcf7-form-control-wrap\" data-name=\"your-message\"><textarea cols=\"40\" rows=\"1\" maxlength=\"2000\" class=\"wpcf7-form-control wpcf7-textarea wpcf7-validates-as-required\" aria-required=\"true\" aria-invalid=\"false\" placeholder=\"Number of suppliers, product volume, file formats...\" name=\"your-message\"><\/textarea><\/span>\n<\/p>\n<div class=\"cf7-cf-turnstile\" style=\"margin-top: 0px; margin-bottom: -15px;\"> <div id=\"cf-turnstile-cf7-2987328491\" class=\"cf-turnstile\" data-callback=\"turnstileCF7Callback\" data-sitekey=\"0x4AAAAAABZJMQK28nXy54ia\" data-theme=\"light\" data-language=\"lt-lt\" data-size=\"normal\" data-retry=\"auto\" data-retry-interval=\"1000\" data-refresh-expired=\"auto\" data-refresh-timeout=\"auto\" data-action=\"contact-form-7\" data-appearance=\"always\"><\/div> <style>.wpcf7-submit { pointer-events: none; opacity: 0.5; }<\/style> <script>document.addEventListener(\"DOMContentLoaded\", function() { setTimeout(function(){ var e=document.getElementById(\"cf-turnstile-cf7-2987328491\"); if(e&&!e.innerHTML.trim()){turnstile.render(e, {sitekey:\"0x4AAAAAABZJMQK28nXy54ia\"});} }, 200); });<\/script> <br class=\"cf-turnstile-br cf-turnstile-br-cf7-2987328491\"> <style>#cf-turnstile-cf7-2987328491 { margin-left: -15px; }<\/style> <script>document.addEventListener(\"DOMContentLoaded\",function(){document.querySelectorAll('.wpcf7-form').forEach(function(e){e.addEventListener('submit',function(){if(document.getElementById('cf-turnstile-cf7-2987328491')){setTimeout(function(){turnstile.reset('#cf-turnstile-cf7-2987328491');},1000)}})})});<\/script> <\/div><br \/>\n<span class=\"wpcf7-form-control-wrap\" data-name=\"acceptance-421\"><span class=\"wpcf7-form-control wpcf7-acceptance\"><span class=\"wpcf7-list-item\"><label><input type=\"checkbox\" name=\"acceptance-421\" value=\"1\" aria-invalid=\"false\" \/><span class=\"wpcf7-list-item-label\">I agree that Restapi.lt may send me offers and use the above information to prepare and deliver them.<\/span><\/label><\/span><\/span><\/span><br \/>\n<input class=\"wpcf7-form-control wpcf7-submit has-spinner\" type=\"submit\" value=\"Send\" \/>\n<\/p><div class=\"wpcf7-response-output\" aria-hidden=\"true\"><\/div>\n<input type=\"hidden\" name=\"trp-form-language\" value=\"en\"\/><\/form>\n<\/div>\n\n\t\t<\/div> \n\t<\/div>\n\t<\/div> \n<\/div><\/div>\n\t\t\t<\/div> \n\t\t<\/div>\n\t<\/div> \n<\/div><\/div>","protected":false},"excerpt":{"rendered":"D.U.K. M\u016bs\u0173 sistema automati\u0161kai apdoroja tiek\u0117jo pateikt\u0105 fail\u0105, konvertuoja j\u012f ir fone per REST API atnaujina preki\u0173 informacij\u0105 \u2013 kainas, liku\u010dius bei prieinamum\u0105. Atnaujinimai vykdomi ma\u017eomis partijomis, tod\u0117l procesas nevargina...","protected":false},"author":1,"featured_media":358,"parent":0,"menu_order":0,"comment_status":"closed","ping_status":"closed","template":"template-no-footer.php","meta":{"footnotes":""},"class_list":["post-204","page","type-page","status-publish","has-post-thumbnail"],"yoast_head":"<!-- This site is optimized with the Yoast SEO plugin v27.4 - https:\/\/yoast.com\/product\/yoast-seo-wordpress\/ -->\n<title>REST api - integracijos u\u017eklausa<\/title>\n<meta name=\"description\" content=\"M\u016bs\u0173 sistema automati\u0161kai apdoroja tiek\u0117jo pateikt\u0105 fail\u0105, konvertuoja j\u012f ir fone per REST API atnaujina preki\u0173 informacij\u0105\" \/>\n<meta name=\"robots\" content=\"noindex, follow\" \/>\n<meta property=\"og:locale\" content=\"en_US\" \/>\n<meta property=\"og:type\" content=\"article\" \/>\n<meta property=\"og:title\" content=\"REST api - integracijos u\u017eklausa\" \/>\n<meta property=\"og:description\" content=\"M\u016bs\u0173 sistema automati\u0161kai apdoroja tiek\u0117jo pateikt\u0105 fail\u0105, konvertuoja j\u012f ir fone per REST API atnaujina preki\u0173 informacij\u0105\" \/>\n<meta property=\"og:url\" content=\"https:\/\/www.restapi.lt\/en\/uzklausa\/\" \/>\n<meta property=\"og:site_name\" content=\"RESTapi\" \/>\n<meta property=\"article:modified_time\" content=\"2025-05-03T20:43:13+00:00\" \/>\n<meta property=\"og:image\" content=\"https:\/\/www.restapi.lt\/wp-content\/uploads\/2025\/05\/REST-API-woocommerce-prekiu-atnaujinimas-wp-all-import.jpg\" \/>\n\t<meta property=\"og:image:width\" content=\"1000\" \/>\n\t<meta property=\"og:image:height\" content=\"1000\" \/>\n\t<meta property=\"og:image:type\" content=\"image\/jpeg\" \/>\n<meta name=\"twitter:card\" content=\"summary_large_image\" \/>\n<meta name=\"twitter:title\" content=\"REST api - integracijos u\u017eklausa\" \/>\n<meta name=\"twitter:description\" content=\"M\u016bs\u0173 sistema automati\u0161kai apdoroja tiek\u0117jo pateikt\u0105 fail\u0105, konvertuoja j\u012f ir fone per REST API atnaujina preki\u0173 informacij\u0105\" \/>\n<meta name=\"twitter:image\" content=\"https:\/\/www.restapi.lt\/wp-content\/uploads\/2025\/05\/REST-API-woocommerce-prekiu-atnaujinimas-wp-all-import.jpg\" \/>\n<meta name=\"twitter:label1\" content=\"Est. reading time\" \/>\n\t<meta name=\"twitter:data1\" content=\"1 minute\" \/>\n<script type=\"application\/ld+json\" class=\"yoast-schema-graph\">{\"@context\":\"https:\\\/\\\/schema.org\",\"@graph\":[{\"@type\":\"WebPage\",\"@id\":\"https:\\\/\\\/www.restapi.lt\\\/en\\\/uzklausa\\\/\",\"url\":\"https:\\\/\\\/www.restapi.lt\\\/en\\\/uzklausa\\\/\",\"name\":\"REST api - integracijos u\u017eklausa\",\"isPartOf\":{\"@id\":\"https:\\\/\\\/www.restapi.lt\\\/#website\"},\"primaryImageOfPage\":{\"@id\":\"https:\\\/\\\/www.restapi.lt\\\/en\\\/uzklausa\\\/#primaryimage\"},\"image\":{\"@id\":\"https:\\\/\\\/www.restapi.lt\\\/en\\\/uzklausa\\\/#primaryimage\"},\"thumbnailUrl\":\"https:\\\/\\\/www.restapi.lt\\\/wp-content\\\/uploads\\\/2025\\\/05\\\/REST-API-woocommerce-prekiu-atnaujinimas-wp-all-import.jpg\",\"datePublished\":\"2025-05-02T19:31:10+00:00\",\"dateModified\":\"2025-05-03T20:43:13+00:00\",\"description\":\"M\u016bs\u0173 sistema automati\u0161kai apdoroja tiek\u0117jo pateikt\u0105 fail\u0105, konvertuoja j\u012f ir fone per REST API atnaujina preki\u0173 informacij\u0105\",\"breadcrumb\":{\"@id\":\"https:\\\/\\\/www.restapi.lt\\\/en\\\/uzklausa\\\/#breadcrumb\"},\"inLanguage\":\"en-US\",\"potentialAction\":[{\"@type\":\"ReadAction\",\"target\":[\"https:\\\/\\\/www.restapi.lt\\\/en\\\/uzklausa\\\/\"]}]},{\"@type\":\"ImageObject\",\"inLanguage\":\"en-US\",\"@id\":\"https:\\\/\\\/www.restapi.lt\\\/en\\\/uzklausa\\\/#primaryimage\",\"url\":\"https:\\\/\\\/www.restapi.lt\\\/wp-content\\\/uploads\\\/2025\\\/05\\\/REST-API-woocommerce-prekiu-atnaujinimas-wp-all-import.jpg\",\"contentUrl\":\"https:\\\/\\\/www.restapi.lt\\\/wp-content\\\/uploads\\\/2025\\\/05\\\/REST-API-woocommerce-prekiu-atnaujinimas-wp-all-import.jpg\",\"width\":1000,\"height\":1000,\"caption\":\"REST API woocommerce prekiu atnaujinimas, sync, wp all import, dropshipping\"},{\"@type\":\"BreadcrumbList\",\"@id\":\"https:\\\/\\\/www.restapi.lt\\\/en\\\/uzklausa\\\/#breadcrumb\",\"itemListElement\":[{\"@type\":\"ListItem\",\"position\":1,\"name\":\"Home\",\"item\":\"https:\\\/\\\/www.restapi.lt\\\/\"},{\"@type\":\"ListItem\",\"position\":2,\"name\":\"U\u017eklausa\"}]},{\"@type\":\"WebSite\",\"@id\":\"https:\\\/\\\/www.restapi.lt\\\/#website\",\"url\":\"https:\\\/\\\/www.restapi.lt\\\/\",\"name\":\"RESTapi\",\"description\":\"\",\"publisher\":{\"@id\":\"https:\\\/\\\/www.restapi.lt\\\/#organization\"},\"potentialAction\":[{\"@type\":\"SearchAction\",\"target\":{\"@type\":\"EntryPoint\",\"urlTemplate\":\"https:\\\/\\\/www.restapi.lt\\\/?s={search_term_string}\"},\"query-input\":{\"@type\":\"PropertyValueSpecification\",\"valueRequired\":true,\"valueName\":\"search_term_string\"}}],\"inLanguage\":\"en-US\"},{\"@type\":\"Organization\",\"@id\":\"https:\\\/\\\/www.restapi.lt\\\/#organization\",\"name\":\"RESTapi\",\"url\":\"https:\\\/\\\/www.restapi.lt\\\/\",\"logo\":{\"@type\":\"ImageObject\",\"inLanguage\":\"en-US\",\"@id\":\"https:\\\/\\\/www.restapi.lt\\\/#\\\/schema\\\/logo\\\/image\\\/\",\"url\":\"https:\\\/\\\/www.restapi.lt\\\/wp-content\\\/uploads\\\/2025\\\/05\\\/logo-dark.png\",\"contentUrl\":\"https:\\\/\\\/www.restapi.lt\\\/wp-content\\\/uploads\\\/2025\\\/05\\\/logo-dark.png\",\"width\":128,\"height\":100,\"caption\":\"RESTapi\"},\"image\":{\"@id\":\"https:\\\/\\\/www.restapi.lt\\\/#\\\/schema\\\/logo\\\/image\\\/\"},\"sameAs\":[\"https:\\\/\\\/instagram.com\\\/restapi.lt\"]}]}<\/script>\n<!-- \/ Yoast SEO plugin. -->","yoast_head_json":{"title":"REST api - integracijos u\u017eklausa","description":"M\u016bs\u0173 sistema automati\u0161kai apdoroja tiek\u0117jo pateikt\u0105 fail\u0105, konvertuoja j\u012f ir fone per REST API atnaujina preki\u0173 informacij\u0105","robots":{"index":"noindex","follow":"follow"},"og_locale":"en_US","og_type":"article","og_title":"REST api - integracijos u\u017eklausa","og_description":"M\u016bs\u0173 sistema automati\u0161kai apdoroja tiek\u0117jo pateikt\u0105 fail\u0105, konvertuoja j\u012f ir fone per REST API atnaujina preki\u0173 informacij\u0105","og_url":"https:\/\/www.restapi.lt\/en\/uzklausa\/","og_site_name":"RESTapi","article_modified_time":"2025-05-03T20:43:13+00:00","og_image":[{"width":1000,"height":1000,"url":"https:\/\/www.restapi.lt\/wp-content\/uploads\/2025\/05\/REST-API-woocommerce-prekiu-atnaujinimas-wp-all-import.jpg","type":"image\/jpeg"}],"twitter_card":"summary_large_image","twitter_title":"REST api - integracijos u\u017eklausa","twitter_description":"M\u016bs\u0173 sistema automati\u0161kai apdoroja tiek\u0117jo pateikt\u0105 fail\u0105, konvertuoja j\u012f ir fone per REST API atnaujina preki\u0173 informacij\u0105","twitter_image":"https:\/\/www.restapi.lt\/wp-content\/uploads\/2025\/05\/REST-API-woocommerce-prekiu-atnaujinimas-wp-all-import.jpg","twitter_misc":{"Est. reading time":"1 minute"},"schema":{"@context":"https:\/\/schema.org","@graph":[{"@type":"WebPage","@id":"https:\/\/www.restapi.lt\/en\/uzklausa\/","url":"https:\/\/www.restapi.lt\/en\/uzklausa\/","name":"REST api - integracijos u\u017eklausa","isPartOf":{"@id":"https:\/\/www.restapi.lt\/#website"},"primaryImageOfPage":{"@id":"https:\/\/www.restapi.lt\/en\/uzklausa\/#primaryimage"},"image":{"@id":"https:\/\/www.restapi.lt\/en\/uzklausa\/#primaryimage"},"thumbnailUrl":"https:\/\/www.restapi.lt\/wp-content\/uploads\/2025\/05\/REST-API-woocommerce-prekiu-atnaujinimas-wp-all-import.jpg","datePublished":"2025-05-02T19:31:10+00:00","dateModified":"2025-05-03T20:43:13+00:00","description":"M\u016bs\u0173 sistema automati\u0161kai apdoroja tiek\u0117jo pateikt\u0105 fail\u0105, konvertuoja j\u012f ir fone per REST API atnaujina preki\u0173 informacij\u0105","breadcrumb":{"@id":"https:\/\/www.restapi.lt\/en\/uzklausa\/#breadcrumb"},"inLanguage":"en-US","potentialAction":[{"@type":"ReadAction","target":["https:\/\/www.restapi.lt\/en\/uzklausa\/"]}]},{"@type":"ImageObject","inLanguage":"en-US","@id":"https:\/\/www.restapi.lt\/en\/uzklausa\/#primaryimage","url":"https:\/\/www.restapi.lt\/wp-content\/uploads\/2025\/05\/REST-API-woocommerce-prekiu-atnaujinimas-wp-all-import.jpg","contentUrl":"https:\/\/www.restapi.lt\/wp-content\/uploads\/2025\/05\/REST-API-woocommerce-prekiu-atnaujinimas-wp-all-import.jpg","width":1000,"height":1000,"caption":"REST API woocommerce prekiu atnaujinimas, sync, wp all import, dropshipping"},{"@type":"BreadcrumbList","@id":"https:\/\/www.restapi.lt\/en\/uzklausa\/#breadcrumb","itemListElement":[{"@type":"ListItem","position":1,"name":"Home","item":"https:\/\/www.restapi.lt\/"},{"@type":"ListItem","position":2,"name":"U\u017eklausa"}]},{"@type":"WebSite","@id":"https:\/\/www.restapi.lt\/#website","url":"https:\/\/www.restapi.lt\/","name":"RESTapi","description":"","publisher":{"@id":"https:\/\/www.restapi.lt\/#organization"},"potentialAction":[{"@type":"SearchAction","target":{"@type":"EntryPoint","urlTemplate":"https:\/\/www.restapi.lt\/?s={search_term_string}"},"query-input":{"@type":"PropertyValueSpecification","valueRequired":true,"valueName":"search_term_string"}}],"inLanguage":"en-US"},{"@type":"Organization","@id":"https:\/\/www.restapi.lt\/#organization","name":"RESTapi","url":"https:\/\/www.restapi.lt\/","logo":{"@type":"ImageObject","inLanguage":"en-US","@id":"https:\/\/www.restapi.lt\/#\/schema\/logo\/image\/","url":"https:\/\/www.restapi.lt\/wp-content\/uploads\/2025\/05\/logo-dark.png","contentUrl":"https:\/\/www.restapi.lt\/wp-content\/uploads\/2025\/05\/logo-dark.png","width":128,"height":100,"caption":"RESTapi"},"image":{"@id":"https:\/\/www.restapi.lt\/#\/schema\/logo\/image\/"},"sameAs":["https:\/\/instagram.com\/restapi.lt"]}]}},"_links":{"self":[{"href":"https:\/\/www.restapi.lt\/en\/wp-json\/wp\/v2\/pages\/204","targetHints":{"allow":["GET"]}}],"collection":[{"href":"https:\/\/www.restapi.lt\/en\/wp-json\/wp\/v2\/pages"}],"about":[{"href":"https:\/\/www.restapi.lt\/en\/wp-json\/wp\/v2\/types\/page"}],"author":[{"embeddable":true,"href":"https:\/\/www.restapi.lt\/en\/wp-json\/wp\/v2\/users\/1"}],"replies":[{"embeddable":true,"href":"https:\/\/www.restapi.lt\/en\/wp-json\/wp\/v2\/comments?post=204"}],"version-history":[{"count":28,"href":"https:\/\/www.restapi.lt\/en\/wp-json\/wp\/v2\/pages\/204\/revisions"}],"predecessor-version":[{"id":363,"href":"https:\/\/www.restapi.lt\/en\/wp-json\/wp\/v2\/pages\/204\/revisions\/363"}],"wp:featuredmedia":[{"embeddable":true,"href":"https:\/\/www.restapi.lt\/en\/wp-json\/wp\/v2\/media\/358"}],"wp:attachment":[{"href":"https:\/\/www.restapi.lt\/en\/wp-json\/wp\/v2\/media?parent=204"}],"curies":[{"name":"wp","href":"https:\/\/api.w.org\/{rel}","templated":true}]}}